{"id":78,"date":"2024-02-16T11:59:34","date_gmt":"2024-02-16T11:59:34","guid":{"rendered":"https:\/\/masarbolesmasvida.org\/?page_id=78"},"modified":"2024-04-22T03:52:33","modified_gmt":"2024-04-22T03:52:33","slug":"ods","status":"publish","type":"page","link":"https:\/\/masarbolesmasvida.org\/?page_id=78","title":{"rendered":"ODS"},"content":{"rendered":"\t\t<div data-elementor-type=\"wp-page\" data-elementor-id=\"78\" class=\"elementor elementor-78\" data-elementor-post-type=\"page\">\n\t\t\t\t\t\t<section data-particle_enable=\"false\" data-particle-mobile-disabled=\"false\" class=\"elementor-section elementor-top-section elementor-element elementor-element-39a5e7bf elementor-section-height-min-height elementor-section-boxed elementor-section-height-default elementor-section-items-middle\" data-id=\"39a5e7bf\" data-element_type=\"section\" data-settings=\"{&quot;background_background&quot;:&quot;classic&quot;}\">\n\t\t\t\t\t\t\t<div class=\"elementor-background-overlay\"><\/div>\n\t\t\t\t\t\t\t<div class=\"elementor-container elementor-column-gap-no\">\n\t\t\t\t\t<div class=\"elementor-column elementor-col-100 elementor-top-column elementor-element elementor-element-1a2e7166\" data-id=\"1a2e7166\" data-element_type=\"column\" data-settings=\"{&quot;background_background&quot;:&quot;classic&quot;}\">\n\t\t\t<div class=\"elementor-widget-wrap elementor-element-populated\">\n\t\t\t\t\t\t<div class=\"elementor-element elementor-element-6aacdf8a elementor-widget elementor-widget-heading\" data-id=\"6aacdf8a\" data-element_type=\"widget\" data-widget_type=\"heading.default\">\n\t\t\t\t<div class=\"elementor-widget-container\">\n\t\t\t<style>\/*! elementor - v3.19.0 - 28-02-2024 *\/\n.elementor-heading-title{padding:0;margin:0;line-height:1}.elementor-widget-heading .elementor-heading-title[class*=elementor-size-]>a{color:inherit;font-size:inherit;line-height:inherit}.elementor-widget-heading .elementor-heading-title.elementor-size-small{font-size:15px}.elementor-widget-heading .elementor-heading-title.elementor-size-medium{font-size:19px}.elementor-widget-heading .elementor-heading-title.elementor-size-large{font-size:29px}.elementor-widget-heading .elementor-heading-title.elementor-size-xl{font-size:39px}.elementor-widget-heading .elementor-heading-title.elementor-size-xxl{font-size:59px}<\/style><h1 class=\"elementor-heading-title elementor-size-default\">Objetivos de Desarrollo Sostenible<\/h1>\t\t<\/div>\n\t\t\t\t<\/div>\n\t\t\t\t\t<\/div>\n\t\t<\/div>\n\t\t\t\t\t<\/div>\n\t\t<\/section>\n\t\t\t\t<section data-particle_enable=\"false\" data-particle-mobile-disabled=\"false\" class=\"elementor-section elementor-top-section elementor-element elementor-element-567e7cd elementor-section-boxed elementor-section-height-default elementor-section-height-default\" data-id=\"567e7cd\" data-element_type=\"section\">\n\t\t\t\t\t\t<div class=\"elementor-container elementor-column-gap-default\">\n\t\t\t\t\t<div class=\"elementor-column elementor-col-100 elementor-top-column elementor-element elementor-element-3b89a88\" data-id=\"3b89a88\" data-element_type=\"column\">\n\t\t\t<div class=\"elementor-widget-wrap elementor-element-populated\">\n\t\t\t\t\t\t<div class=\"elementor-element elementor-element-433c268c elementor-widget elementor-widget-image\" data-id=\"433c268c\" data-element_type=\"widget\" data-widget_type=\"image.default\">\n\t\t\t\t<div class=\"elementor-widget-container\">\n\t\t\t<style>\/*! elementor - v3.19.0 - 28-02-2024 *\/\n.elementor-widget-image{text-align:center}.elementor-widget-image a{display:inline-block}.elementor-widget-image a img[src$=\".svg\"]{width:48px}.elementor-widget-image img{vertical-align:middle;display:inline-block}<\/style>\t\t\t\t\t\t\t\t\t\t<img fetchpriority=\"high\" decoding=\"async\" width=\"735\" height=\"520\" src=\"https:\/\/masarbolesmasvida.org\/wp-content\/uploads\/2024\/02\/Imagen-de-WhatsApp-2023-12-22-a-las-13.31.03_29018567.jpg\" class=\"attachment-2048x2048 size-2048x2048 wp-image-467\" alt=\"\" srcset=\"https:\/\/masarbolesmasvida.org\/wp-content\/uploads\/2024\/02\/Imagen-de-WhatsApp-2023-12-22-a-las-13.31.03_29018567.jpg 735w, https:\/\/masarbolesmasvida.org\/wp-content\/uploads\/2024\/02\/Imagen-de-WhatsApp-2023-12-22-a-las-13.31.03_29018567-600x424.jpg 600w, https:\/\/masarbolesmasvida.org\/wp-content\/uploads\/2024\/02\/Imagen-de-WhatsApp-2023-12-22-a-las-13.31.03_29018567-300x212.jpg 300w\" sizes=\"(max-width: 735px) 100vw, 735px\" \/>\t\t\t\t\t\t\t\t\t\t\t\t\t<\/div>\n\t\t\t\t<\/div>\n\t\t\t\t\t<\/div>\n\t\t<\/div>\n\t\t\t\t\t<\/div>\n\t\t<\/section>\n\t\t\t\t<section data-particle_enable=\"false\" data-particle-mobile-disabled=\"false\" class=\"elementor-section elementor-top-section elementor-element elementor-element-bc36ef8 elementor-section-boxed elementor-section-height-default elementor-section-height-default\" data-id=\"bc36ef8\" data-element_type=\"section\">\n\t\t\t\t\t\t<div class=\"elementor-container elementor-column-gap-no\">\n\t\t\t\t\t<div class=\"elementor-column elementor-col-50 elementor-top-column elementor-element elementor-element-489bf2aa\" data-id=\"489bf2aa\" data-element_type=\"column\">\n\t\t\t<div class=\"elementor-widget-wrap elementor-element-populated\">\n\t\t\t\t\t\t<div class=\"elementor-element elementor-element-753008b4 elementor-widget elementor-widget-heading\" data-id=\"753008b4\" data-element_type=\"widget\" data-widget_type=\"heading.default\">\n\t\t\t\t<div class=\"elementor-widget-container\">\n\t\t\t<h3 class=\"elementor-heading-title elementor-size-default\">\u00bfDe qu\u00e9 se trata?<\/h3>\t\t<\/div>\n\t\t\t\t<\/div>\n\t\t\t\t<div class=\"elementor-element elementor-element-22f63f82 elementor-widget elementor-widget-text-editor\" data-id=\"22f63f82\" data-element_type=\"widget\" data-widget_type=\"text-editor.default\">\n\t\t\t\t<div class=\"elementor-widget-container\">\n\t\t\t<style>\/*! elementor - v3.19.0 - 28-02-2024 *\/\n.elementor-widget-text-editor.elementor-drop-cap-view-stacked .elementor-drop-cap{background-color:#69727d;color:#fff}.elementor-widget-text-editor.elementor-drop-cap-view-framed .elementor-drop-cap{color:#69727d;border:3px solid;background-color:transparent}.elementor-widget-text-editor:not(.elementor-drop-cap-view-default) .elementor-drop-cap{margin-top:8px}.elementor-widget-text-editor:not(.elementor-drop-cap-view-default) .elementor-drop-cap-letter{width:1em;height:1em}.elementor-widget-text-editor .elementor-drop-cap{float:left;text-align:center;line-height:1;font-size:50px}.elementor-widget-text-editor .elementor-drop-cap-letter{display:inline-block}<\/style>\t\t\t\t<p><strong>Los Objetivos de Desarrollo Sostenible (ODS)<\/strong> son una gu\u00eda integral y ambiciosa establecida por las Naciones Unidas para abordar los desaf\u00edos m\u00e1s apremiantes que enfrenta nuestro mundo. Estos objetivos, compuestos por 17 metas interconectadas, buscan promover un desarrollo equitativo, inclusivo y sostenible en todas las dimensiones: social, econ\u00f3mica y ambiental.<br \/>Siguiendo esta ruta, podemos construir un futuro pr\u00f3spero y resiliente tanto para la humanidad como para el planeta.<\/p><p><br \/><strong>Desarrollo sostenible para la humanidad<\/strong><\/p><p>\u00a0Los ODS tienen como objetivo principal mejorar la calidad de vida de todas las personas, sin dejar a nadie atr\u00e1s. Al abordar temas como la erradicaci\u00f3n de la pobreza, el acceso a la educaci\u00f3n de calidad, la igualdad de g\u00e9nero, la salud y el bienestar, se busca garantizar que todas las personas tengan la oportunidad de desarrollar su m\u00e1ximo potencial y vivir una vida digna. Al invertir en el desarrollo humano, se fomenta la equidad, la inclusi\u00f3n y la justicia social.<\/p><p><br \/><strong>Preservaci\u00f3n del planeta<\/strong><\/p><p>La sostenibilidad ambiental es un pilar fundamental de los ODS. La protecci\u00f3n de los ecosistemas, la mitigaci\u00f3n del cambio clim\u00e1tico, la gesti\u00f3n sostenible de los recursos naturales y la promoci\u00f3n de pr\u00e1cticas de producci\u00f3n y consumo responsables son algunos de los objetivos que buscan preservar nuestro planeta para las generaciones presentes y futuras.<br \/>Reconocemos que nuestra supervivencia y bienestar dependen de un entorno saludable y equilibrado.<\/p><p><br \/><strong>Interconexi\u00f3n de los desaf\u00edos globales<\/strong><\/p><p>Los desaf\u00edos que enfrentamos en el mundo actual son complejos y est\u00e1n interconectados. La pobreza, la desigualdad, el cambio clim\u00e1tico, la degradaci\u00f3n ambiental y otros problemas no pueden abordarse de forma aislada. Los ODS nos brindan un marco integral que reconoce estas interconexiones y nos insta a abordarlos de manera conjunta. Nuestra fundaci\u00f3n ambiental se alinea perfectamente con los Objetivos de Desarrollo Sostenible, ya que nuestras acciones abarcan m\u00faltiples objetivos.<br \/>A trav\u00e9s de nuestros proyectos de siembra de \u00e1rboles y restauraci\u00f3n de territorios, contribuimos a la preservaci\u00f3n de la biodiversidad y la protecci\u00f3n de los ecosistemas terrestres <strong>(Objetivo 15)<\/strong>.<\/p><p>Al mismo tiempo, actuamos como sumideros de carbono, ayudando a mitigar el cambio clim\u00e1tico y promoviendo un equilibrio clim\u00e1tico <strong>(Objetivo 13)<\/strong>.<br \/>Reconocemos el papel fundamental de los bosques en la salud y el bienestar de las personas, proporcionando aire limpio y espacios naturales para el bienestar f\u00edsico y mental <strong>(Objetivo 3)<\/strong>.<\/p><p>Adem\u00e1s, nuestras acciones de conservaci\u00f3n tambi\u00e9n contribuyen a la disponibilidad de agua limpia y al saneamiento adecuado, al filtrar y purificar el agua <strong>(Objetivo 6)<\/strong>.<br \/>Promovemos la participaci\u00f3n igualitaria de mujeres, hombres y ni\u00f1os en todas nuestras actividades, fomentando la inclusi\u00f3n y la igualdad de g\u00e9nero <strong>(Objetivo 5)<\/strong>. Adem\u00e1s, nuestros proyectos tambi\u00e9n se relacionan con otros objetivos de desarrollo sostenible, como el hambre cero <strong>(Objetivo 2)<\/strong>, energ\u00eda asequible y no contaminante <strong>(Objetivo 7)<\/strong>, educaci\u00f3n de calidad <strong>(Objetivo 4)<\/strong>, producci\u00f3n y consumo responsables <strong>(Objetivo 12)<\/strong>, ciudades y comunidades sostenibles <strong>(Objetivo 11)<\/strong>, industria, innovaci\u00f3n e infraestructura <strong>(Objetivo 9)<\/strong>, trabajo decente y crecimiento econ\u00f3mico <strong>(Objetivo 8)<\/strong>, y alianzas para lograr los objetivos <strong>(Objetivo 17)<\/strong>.<\/p><p><br \/>Al seguir esta ruta de los Objetivos de Desarrollo Sostenible, nuestra fundaci\u00f3n contribuye de manera integral a la construcci\u00f3n de un futuro sostenible y equitativo. Estamos comprometidos en promover la conservaci\u00f3n del medio ambiente, mejorar la calidad de vida de las<\/p><p>personas y trabajar en conjunto para alcanzar los objetivos globales.<br \/>Recuerda que todos tenemos un papel importante que desempe\u00f1ar en la construcci\u00f3n de un futuro sostenible. Cada gesto, por peque\u00f1o que sea, puede marcar la diferencia. \u00a1Juntos podemos ayudar a la naturaleza y alcanzar los objetivos que nos hemos propuesto!<br \/>No dudes en contactarnos para obtener m\u00e1s informaci\u00f3n sobre c\u00f3mo puedes contribuir y ser parte de este movimiento. Estamos emocionados de trabajar contigo y de ver c\u00f3mo, juntos, podemos hacer del mundo un lugar mejor para las generaciones presentes y futuras.<\/p><p><br \/>\u00a1\u00danete a nosotros y seamos la fuerza que la naturaleza necesita!<\/p>\t\t\t\t\t\t<\/div>\n\t\t\t\t<\/div>\n\t\t\t\t<div class=\"elementor-element elementor-element-ca6cdf2 elementor-widget elementor-widget-button\" data-id=\"ca6cdf2\" data-element_type=\"widget\" data-widget_type=\"button.default\">\n\t\t\t\t<div class=\"elementor-widget-container\">\n\t\t\t\t\t<div class=\"elementor-button-wrapper\">\n\t\t\t<a class=\"elementor-button elementor-button-link elementor-size-sm\" href=\"http:\/\/wa.me\/573104674563\">\n\t\t\t\t\t\t<span class=\"elementor-button-content-wrapper\">\n\t\t\t\t\t\t<span class=\"elementor-button-text\">M\u00e1s informaci\u00f3n<\/span>\n\t\t<\/span>\n\t\t\t\t\t<\/a>\n\t\t<\/div>\n\t\t\t\t<\/div>\n\t\t\t\t<\/div>\n\t\t\t\t\t<\/div>\n\t\t<\/div>\n\t\t\t\t<div class=\"elementor-column elementor-col-50 elementor-top-column elementor-element elementor-element-4485f817\" data-id=\"4485f817\" data-element_type=\"column\">\n\t\t\t<div class=\"elementor-widget-wrap elementor-element-populated\">\n\t\t\t\t\t\t<div class=\"elementor-element elementor-element-8fcc76c elementor-widget elementor-widget-image\" data-id=\"8fcc76c\" data-element_type=\"widget\" data-widget_type=\"image.default\">\n\t\t\t\t<div class=\"elementor-widget-container\">\n\t\t\t\t\t\t\t\t\t\t\t\t\t<img decoding=\"async\" width=\"1024\" height=\"682\" src=\"https:\/\/masarbolesmasvida.org\/wp-content\/uploads\/2024\/02\/DSC0506-scaled-1-1024x682.jpg\" class=\"attachment-large size-large wp-image-406\" alt=\"\" srcset=\"https:\/\/masarbolesmasvida.org\/wp-content\/uploads\/2024\/02\/DSC0506-scaled-1-1024x682.jpg 1024w, https:\/\/masarbolesmasvida.org\/wp-content\/uploads\/2024\/02\/DSC0506-scaled-1-600x400.jpg 600w, https:\/\/masarbolesmasvida.org\/wp-content\/uploads\/2024\/02\/DSC0506-scaled-1-300x200.jpg 300w, https:\/\/masarbolesmasvida.org\/wp-content\/uploads\/2024\/02\/DSC0506-scaled-1-768x512.jpg 768w, https:\/\/masarbolesmasvida.org\/wp-content\/uploads\/2024\/02\/DSC0506-scaled-1-1536x1024.jpg 1536w, https:\/\/masarbolesmasvida.org\/wp-content\/uploads\/2024\/02\/DSC0506-scaled-1-2048x1365.jpg 2048w\" sizes=\"(max-width: 1024px) 100vw, 1024px\" \/>\t\t\t\t\t\t\t\t\t\t\t\t\t<\/div>\n\t\t\t\t<\/div>\n\t\t\t\t<div class=\"elementor-element elementor-element-bcc52e2 elementor-widget elementor-widget-image\" data-id=\"bcc52e2\" data-element_type=\"widget\" data-widget_type=\"image.default\">\n\t\t\t\t<div class=\"elementor-widget-container\">\n\t\t\t\t\t\t\t\t\t\t\t\t\t<img decoding=\"async\" width=\"614\" height=\"358\" src=\"https:\/\/masarbolesmasvida.org\/wp-content\/uploads\/2024\/04\/fhf.png\" class=\"attachment-large size-large wp-image-1272\" alt=\"\" srcset=\"https:\/\/masarbolesmasvida.org\/wp-content\/uploads\/2024\/04\/fhf.png 614w, https:\/\/masarbolesmasvida.org\/wp-content\/uploads\/2024\/04\/fhf-300x175.png 300w, https:\/\/masarbolesmasvida.org\/wp-content\/uploads\/2024\/04\/fhf-600x350.png 600w\" sizes=\"(max-width: 614px) 100vw, 614px\" \/>\t\t\t\t\t\t\t\t\t\t\t\t\t<\/div>\n\t\t\t\t<\/div>\n\t\t\t\t<div class=\"elementor-element elementor-element-dcaa6e7 elementor-widget elementor-widget-image\" data-id=\"dcaa6e7\" data-element_type=\"widget\" data-widget_type=\"image.default\">\n\t\t\t\t<div class=\"elementor-widget-container\">\n\t\t\t\t\t\t\t\t\t\t\t\t\t<img loading=\"lazy\" decoding=\"async\" width=\"708\" height=\"411\" src=\"https:\/\/masarbolesmasvida.org\/wp-content\/uploads\/2024\/02\/Captura-de-pantalla-2023-12-19-123228.png\" class=\"attachment-large size-large wp-image-368\" alt=\"\" srcset=\"https:\/\/masarbolesmasvida.org\/wp-content\/uploads\/2024\/02\/Captura-de-pantalla-2023-12-19-123228.png 708w, https:\/\/masarbolesmasvida.org\/wp-content\/uploads\/2024\/02\/Captura-de-pantalla-2023-12-19-123228-600x348.png 600w, https:\/\/masarbolesmasvida.org\/wp-content\/uploads\/2024\/02\/Captura-de-pantalla-2023-12-19-123228-300x174.png 300w\" sizes=\"(max-width: 708px) 100vw, 708px\" \/>\t\t\t\t\t\t\t\t\t\t\t\t\t<\/div>\n\t\t\t\t<\/div>\n\t\t\t\t<div class=\"elementor-element elementor-element-4c38b6f elementor-widget elementor-widget-image\" data-id=\"4c38b6f\" data-element_type=\"widget\" data-widget_type=\"image.default\">\n\t\t\t\t<div class=\"elementor-widget-container\">\n\t\t\t\t\t\t\t\t\t\t\t\t\t<img loading=\"lazy\" decoding=\"async\" width=\"716\" height=\"356\" src=\"https:\/\/masarbolesmasvida.org\/wp-content\/uploads\/2024\/02\/Captura-de-pantalla-2023-12-19-121340.png\" class=\"attachment-large size-large wp-image-367\" alt=\"\" srcset=\"https:\/\/masarbolesmasvida.org\/wp-content\/uploads\/2024\/02\/Captura-de-pantalla-2023-12-19-121340.png 716w, https:\/\/masarbolesmasvida.org\/wp-content\/uploads\/2024\/02\/Captura-de-pantalla-2023-12-19-121340-600x298.png 600w, https:\/\/masarbolesmasvida.org\/wp-content\/uploads\/2024\/02\/Captura-de-pantalla-2023-12-19-121340-300x149.png 300w\" sizes=\"(max-width: 716px) 100vw, 716px\" \/>\t\t\t\t\t\t\t\t\t\t\t\t\t<\/div>\n\t\t\t\t<\/div>\n\t\t\t\t<div class=\"elementor-element elementor-element-f7c9b90 elementor-widget elementor-widget-image\" data-id=\"f7c9b90\" data-element_type=\"widget\" data-widget_type=\"image.default\">\n\t\t\t\t<div class=\"elementor-widget-container\">\n\t\t\t\t\t\t\t\t\t\t\t\t\t<img loading=\"lazy\" decoding=\"async\" width=\"1024\" height=\"576\" src=\"https:\/\/masarbolesmasvida.org\/wp-content\/uploads\/2024\/04\/f8bd54df-2dd3-481b-94f1-cccdfa65821e-1024x576.jpg\" class=\"attachment-large size-large wp-image-1303\" alt=\"\" srcset=\"https:\/\/masarbolesmasvida.org\/wp-content\/uploads\/2024\/04\/f8bd54df-2dd3-481b-94f1-cccdfa65821e-1024x576.jpg 1024w, https:\/\/masarbolesmasvida.org\/wp-content\/uploads\/2024\/04\/f8bd54df-2dd3-481b-94f1-cccdfa65821e-300x169.jpg 300w, https:\/\/masarbolesmasvida.org\/wp-content\/uploads\/2024\/04\/f8bd54df-2dd3-481b-94f1-cccdfa65821e-768x432.jpg 768w, https:\/\/masarbolesmasvida.org\/wp-content\/uploads\/2024\/04\/f8bd54df-2dd3-481b-94f1-cccdfa65821e-600x338.jpg 600w, https:\/\/masarbolesmasvida.org\/wp-content\/uploads\/2024\/04\/f8bd54df-2dd3-481b-94f1-cccdfa65821e.jpg 1040w\" sizes=\"(max-width: 1024px) 100vw, 1024px\" \/>\t\t\t\t\t\t\t\t\t\t\t\t\t<\/div>\n\t\t\t\t<\/div>\n\t\t\t\t<div class=\"elementor-element elementor-element-70c5a9c elementor-widget elementor-widget-image\" data-id=\"70c5a9c\" data-element_type=\"widget\" data-widget_type=\"image.default\">\n\t\t\t\t<div class=\"elementor-widget-container\">\n\t\t\t\t\t\t\t\t\t\t\t\t\t<img loading=\"lazy\" decoding=\"async\" width=\"1024\" height=\"683\" src=\"https:\/\/masarbolesmasvida.org\/wp-content\/uploads\/2024\/02\/DSC0259-scaled-1-1024x683.jpg\" class=\"attachment-large size-large wp-image-392\" alt=\"\" srcset=\"https:\/\/masarbolesmasvida.org\/wp-content\/uploads\/2024\/02\/DSC0259-scaled-1-1024x683.jpg 1024w, https:\/\/masarbolesmasvida.org\/wp-content\/uploads\/2024\/02\/DSC0259-scaled-1-600x400.jpg 600w, https:\/\/masarbolesmasvida.org\/wp-content\/uploads\/2024\/02\/DSC0259-scaled-1-300x200.jpg 300w, https:\/\/masarbolesmasvida.org\/wp-content\/uploads\/2024\/02\/DSC0259-scaled-1-768x512.jpg 768w, https:\/\/masarbolesmasvida.org\/wp-content\/uploads\/2024\/02\/DSC0259-scaled-1-1536x1024.jpg 1536w, https:\/\/masarbolesmasvida.org\/wp-content\/uploads\/2024\/02\/DSC0259-scaled-1-2048x1366.jpg 2048w\" sizes=\"(max-width: 1024px) 100vw, 1024px\" \/>\t\t\t\t\t\t\t\t\t\t\t\t\t<\/div>\n\t\t\t\t<\/div>\n\t\t\t\t\t<\/div>\n\t\t<\/div>\n\t\t\t\t\t<\/div>\n\t\t<\/section>\n\t\t\t\t<\/div>\n\t\t","protected":false},"excerpt":{"rendered":"<p>Objetivos de Desarrollo Sostenible \u00bfDe qu\u00e9 se trata? Los Objetivos de Desarrollo Sostenible (ODS) son una gu\u00eda integral y ambiciosa [&hellip;]<\/p>\n","protected":false},"author":1,"featured_media":0,"parent":0,"menu_order":0,"comment_status":"closed","ping_status":"closed","template":"","meta":{"site-sidebar-layout":"no-sidebar","site-content-layout":"","ast-site-content-layout":"full-width-container","site-content-style":"default","site-sidebar-style":"default","ast-global-header-display":"","ast-banner-title-visibility":"","ast-main-header-display":"","ast-hfb-above-header-display":"","ast-hfb-below-header-display":"","ast-hfb-mobile-header-display":"","site-post-title":"disabled","ast-breadcrumbs-content":"","ast-featured-img":"disabled","footer-sml-layout":"","theme-transparent-header-meta":"","adv-header-id-meta":"","stick-header-meta":"","header-above-stick-meta":"","header-main-stick-meta":"","header-below-stick-meta":"","astra-migrate-meta-layouts":"default","ast-page-background-enabled":"default","ast-page-background-meta":{"desktop":{"background-color":"var(--ast-global-color-4)","background-image":"","background-repeat":"repeat","background-position":"center center","background-size":"auto","background-attachment":"scroll","background-type":"","background-media":"","overlay-type":"","overlay-color":"","overlay-gradient":""},"tablet":{"background-color":"","background-image":"","background-repeat":"repeat","background-position":"center center","background-size":"auto","background-attachment":"scroll","background-type":"","background-media":"","overlay-type":"","overlay-color":"","overlay-gradient":""},"mobile":{"background-color":"","background-image":"","background-repeat":"repeat","background-position":"center center","background-size":"auto","background-attachment":"scroll","background-type":"","background-media":"","overlay-type":"","overlay-color":"","overlay-gradient":""}},"ast-content-background-meta":{"desktop":{"background-color":"var(--ast-global-color-5)","background-image":"","background-repeat":"repeat","background-position":"center center","background-size":"auto","background-attachment":"scroll","background-type":"","background-media":"","overlay-type":"","overlay-color":"","overlay-gradient":""},"tablet":{"background-color":"var(--ast-global-color-5)","background-image":"","background-repeat":"repeat","background-position":"center center","background-size":"auto","background-attachment":"scroll","background-type":"","background-media":"","overlay-type":"","overlay-color":"","overlay-gradient":""},"mobile":{"background-color":"var(--ast-global-color-5)","background-image":"","background-repeat":"repeat","background-position":"center center","background-size":"auto","background-attachment":"scroll","background-type":"","background-media":"","overlay-type":"","overlay-color":"","overlay-gradient":""}},"_joinchat":[],"footnotes":""},"class_list":["post-78","page","type-page","status-publish","hentry"],"_links":{"self":[{"href":"https:\/\/masarbolesmasvida.org\/index.php?rest_route=\/wp\/v2\/pages\/78","targetHints":{"allow":["GET"]}}],"collection":[{"href":"https:\/\/masarbolesmasvida.org\/index.php?rest_route=\/wp\/v2\/pages"}],"about":[{"href":"https:\/\/masarbolesmasvida.org\/index.php?rest_route=\/wp\/v2\/types\/page"}],"author":[{"embeddable":true,"href":"https:\/\/masarbolesmasvida.org\/index.php?rest_route=\/wp\/v2\/users\/1"}],"replies":[{"embeddable":true,"href":"https:\/\/masarbolesmasvida.org\/index.php?rest_route=%2Fwp%2Fv2%2Fcomments&post=78"}],"version-history":[{"count":10,"href":"https:\/\/masarbolesmasvida.org\/index.php?rest_route=\/wp\/v2\/pages\/78\/revisions"}],"predecessor-version":[{"id":1374,"href":"https:\/\/masarbolesmasvida.org\/index.php?rest_route=\/wp\/v2\/pages\/78\/revisions\/1374"}],"wp:attachment":[{"href":"https:\/\/masarbolesmasvida.org\/index.php?rest_route=%2Fwp%2Fv2%2Fmedia&parent=78"}],"curies":[{"name":"wp","href":"https:\/\/api.w.org\/{rel}","templated":true}]}}