{"id":1185,"date":"2024-04-12T21:32:53","date_gmt":"2024-04-12T21:32:53","guid":{"rendered":"https:\/\/masarbolesmasvida.org\/?post_type=product&#038;p=1185"},"modified":"2025-04-23T16:46:34","modified_gmt":"2025-04-23T16:46:34","slug":"siembra-virtual","status":"publish","type":"product","link":"https:\/\/masarbolesmasvida.org\/?product=siembra-virtual","title":{"rendered":"Siembra Virtual"},"content":{"rendered":"<p>\u00a1\u00danete a esta experiencia \u00fanica y significativa que trasciende fronteras geogr\u00e1ficas, conectando a personas de todo el mundo en pro de un futuro m\u00e1s verde y sostenible! \ud83c\udf3f\ud83c\udf0d\ud83c\udf33<\/p>\n","protected":false},"excerpt":{"rendered":"<p>En nuestra iniciativa de siembra virtual, te ofrecemos la oportunidad de plantar un \u00e1rbol en tu nombre desde cualquier parte del mundo. Este proceso ser\u00e1 documentado en un video emotivo y \u00fanico, el cual compartiremos en nuestras redes sociales etiquet\u00e1ndote para que puedas verlo y compartirlo con tus seguidores, creando conciencia sobre la importancia de la reforestaci\u00f3n.<\/p>\n<p>Adem\u00e1s, nuestro compromiso va m\u00e1s all\u00e1 de la siembra inicial. Incluimos un programa de mantenimiento integral que abarca un per\u00edodo de 36 meses. Cada seis meses, recibir\u00e1s fotograf\u00edas actualizadas del progreso y desarrollo de tu \u00e1rbol, permiti\u00e9ndote seguir de cerca su crecimiento y evoluci\u00f3n a lo largo del tiempo.<\/p>\n<p>Este enfoque personalizado no solo te brinda la oportunidad de contribuir activamente al cuidado del medio ambiente, sino que tambi\u00e9n te invita a formar parte de una comunidad comprometida con la sostenibilidad y la conservaci\u00f3n de nuestro planeta.<\/p>\n","protected":false},"featured_media":484,"comment_status":"open","ping_status":"closed","template":"","meta":{"site-sidebar-layout":"default","site-content-layout":"","ast-site-content-layout":"default","site-content-style":"default","site-sidebar-style":"default","ast-global-header-display":"","ast-banner-title-visibility":"","ast-main-header-display":"","ast-hfb-above-header-display":"","ast-hfb-below-header-display":"","ast-hfb-mobile-header-display":"","site-post-title":"","ast-breadcrumbs-content":"","ast-featured-img":"","footer-sml-layout":"","theme-transparent-header-meta":"default","adv-header-id-meta":"","stick-header-meta":"","header-above-stick-meta":"","header-main-stick-meta":"","header-below-stick-meta":"","astra-migrate-meta-layouts":"set","ast-page-background-enabled":"default","ast-page-background-meta":{"desktop":{"background-color":"var(--ast-global-color-4)","background-image":"","background-repeat":"repeat","background-position":"center center","background-size":"auto","background-attachment":"scroll","background-type":"","background-media":"","overlay-type":"","overlay-color":"","overlay-gradient":""},"tablet":{"background-color":"","background-image":"","background-repeat":"repeat","background-position":"center center","background-size":"auto","background-attachment":"scroll","background-type":"","background-media":"","overlay-type":"","overlay-color":"","overlay-gradient":""},"mobile":{"background-color":"","background-image":"","background-repeat":"repeat","background-position":"center center","background-size":"auto","background-attachment":"scroll","background-type":"","background-media":"","overlay-type":"","overlay-color":"","overlay-gradient":""}},"ast-content-background-meta":{"desktop":{"background-color":"var(--ast-global-color-5)","background-image":"","background-repeat":"repeat","background-position":"center center","background-size":"auto","background-attachment":"scroll","background-type":"","background-media":"","overlay-type":"","overlay-color":"","overlay-gradient":""},"tablet":{"background-color":"var(--ast-global-color-5)","background-image":"","background-repeat":"repeat","background-position":"center center","background-size":"auto","background-attachment":"scroll","background-type":"","background-media":"","overlay-type":"","overlay-color":"","overlay-gradient":""},"mobile":{"background-color":"var(--ast-global-color-5)","background-image":"","background-repeat":"repeat","background-position":"center center","background-size":"auto","background-attachment":"scroll","background-type":"","background-media":"","overlay-type":"","overlay-color":"","overlay-gradient":""}},"_joinchat":[]},"product_cat":[23],"product_tag":[],"class_list":{"0":"post-1185","1":"product","2":"type-product","3":"status-publish","4":"has-post-thumbnail","6":"product_cat-uncategorized","7":"desktop-align-left","8":"tablet-align-left","9":"mobile-align-left","11":"first","12":"instock","13":"shipping-taxable","14":"purchasable","15":"product-type-variable"},"_links":{"self":[{"href":"https:\/\/masarbolesmasvida.org\/index.php?rest_route=\/wp\/v2\/product\/1185","targetHints":{"allow":["GET"]}}],"collection":[{"href":"https:\/\/masarbolesmasvida.org\/index.php?rest_route=\/wp\/v2\/product"}],"about":[{"href":"https:\/\/masarbolesmasvida.org\/index.php?rest_route=\/wp\/v2\/types\/product"}],"replies":[{"embeddable":true,"href":"https:\/\/masarbolesmasvida.org\/index.php?rest_route=%2Fwp%2Fv2%2Fcomments&post=1185"}],"wp:featuredmedia":[{"embeddable":true,"href":"https:\/\/masarbolesmasvida.org\/index.php?rest_route=\/wp\/v2\/media\/484"}],"wp:attachment":[{"href":"https:\/\/masarbolesmasvida.org\/index.php?rest_route=%2Fwp%2Fv2%2Fmedia&parent=1185"}],"wp:term":[{"taxonomy":"product_cat","embeddable":true,"href":"https:\/\/masarbolesmasvida.org\/index.php?rest_route=%2Fwp%2Fv2%2Fproduct_cat&post=1185"},{"taxonomy":"product_tag","embeddable":true,"href":"https:\/\/masarbolesmasvida.org\/index.php?rest_route=%2Fwp%2Fv2%2Fproduct_tag&post=1185"}],"curies":[{"name":"wp","href":"https:\/\/api.w.org\/{rel}","templated":true}]}}