{"id":1202,"date":"2024-04-12T21:43:27","date_gmt":"2024-04-12T21:43:27","guid":{"rendered":"https:\/\/masarbolesmasvida.org\/?post_type=product&#038;p=1202"},"modified":"2024-04-13T20:16:56","modified_gmt":"2024-04-13T20:16:56","slug":"ofrendar-un-arbol","status":"publish","type":"product","link":"https:\/\/masarbolesmasvida.org\/?product=ofrendar-un-arbol","title":{"rendered":"Ofrendar un \u00c1rbol"},"content":{"rendered":"<p>\u00a1\u00danete a este emocionante proyecto de conservaci\u00f3n ambiental en el hermoso Choc\u00f3 Biogeogr\u00e1fico!&#8221; \ud83c\udf33\ud83c\udf3f\ud83c\udf0e<\/p>\n","protected":false},"excerpt":{"rendered":"<p>Elige el prop\u00f3sito de tu ofrenda: ya sea para equilibrar tu impacto ambiental, hacer un regalo especial o expresar condolencias. Celebra el nacimiento de un ser querido, un cumplea\u00f1os, un matrimonio o un logro acad\u00e9mico con la adopci\u00f3n de un \u00e1rbol.<\/p>\n<p>Tu \u00e1rbol ser\u00e1 plantado en la regi\u00f3n del Choc\u00f3 Biogeogr\u00e1fico en el departamento de Risaralda. Al adoptar un \u00e1rbol, recibir\u00e1s un video y foto personalizada, las coordenadas de siembra, un certificado digital de donaci\u00f3n. Tu \u00fanica contribuci\u00f3n cubrir\u00e1 la adopci\u00f3n y cuidado del \u00e1rbol durante 36 meses, con actualizaciones semestrales para ver el progreso del \u00e1rbol en el tiempo. No olvides requerir la factura dentro del equivalente mes de la ofrenda.<\/p>\n<p>La informaci\u00f3n de tu \u00e1rbol estar\u00e1 lista en un t\u00e9rmino considerado de 5-10 d\u00edas h\u00e1biles.<\/p>\n","protected":false},"featured_media":480,"comment_status":"open","ping_status":"closed","template":"","meta":{"site-sidebar-layout":"default","site-content-layout":"","ast-site-content-layout":"default","site-content-style":"default","site-sidebar-style":"default","ast-global-header-display":"","ast-banner-title-visibility":"","ast-main-header-display":"","ast-hfb-above-header-display":"","ast-hfb-below-header-display":"","ast-hfb-mobile-header-display":"","site-post-title":"","ast-breadcrumbs-content":"","ast-featured-img":"","footer-sml-layout":"","theme-transparent-header-meta":"default","adv-header-id-meta":"","stick-header-meta":"","header-above-stick-meta":"","header-main-stick-meta":"","header-below-stick-meta":"","astra-migrate-meta-layouts":"set","ast-page-background-enabled":"default","ast-page-background-meta":{"desktop":{"background-color":"var(--ast-global-color-4)","background-image":"","background-repeat":"repeat","background-position":"center center","background-size":"auto","background-attachment":"scroll","background-type":"","background-media":"","overlay-type":"","overlay-color":"","overlay-gradient":""},"tablet":{"background-color":"","background-image":"","background-repeat":"repeat","background-position":"center center","background-size":"auto","background-attachment":"scroll","background-type":"","background-media":"","overlay-type":"","overlay-color":"","overlay-gradient":""},"mobile":{"background-color":"","background-image":"","background-repeat":"repeat","background-position":"center center","background-size":"auto","background-attachment":"scroll","background-type":"","background-media":"","overlay-type":"","overlay-color":"","overlay-gradient":""}},"ast-content-background-meta":{"desktop":{"background-color":"var(--ast-global-color-5)","background-image":"","background-repeat":"repeat","background-position":"center center","background-size":"auto","background-attachment":"scroll","background-type":"","background-media":"","overlay-type":"","overlay-color":"","overlay-gradient":""},"tablet":{"background-color":"var(--ast-global-color-5)","background-image":"","background-repeat":"repeat","background-position":"center center","background-size":"auto","background-attachment":"scroll","background-type":"","background-media":"","overlay-type":"","overlay-color":"","overlay-gradient":""},"mobile":{"background-color":"var(--ast-global-color-5)","background-image":"","background-repeat":"repeat","background-position":"center center","background-size":"auto","background-attachment":"scroll","background-type":"","background-media":"","overlay-type":"","overlay-color":"","overlay-gradient":""}},"_joinchat":[]},"product_cat":[23],"product_tag":[],"class_list":{"0":"post-1202","1":"product","2":"type-product","3":"status-publish","4":"has-post-thumbnail","6":"product_cat-uncategorized","7":"desktop-align-left","8":"tablet-align-left","9":"mobile-align-left","11":"first","12":"instock","13":"shipping-taxable","14":"purchasable","15":"product-type-variable"},"_links":{"self":[{"href":"https:\/\/masarbolesmasvida.org\/index.php?rest_route=\/wp\/v2\/product\/1202","targetHints":{"allow":["GET"]}}],"collection":[{"href":"https:\/\/masarbolesmasvida.org\/index.php?rest_route=\/wp\/v2\/product"}],"about":[{"href":"https:\/\/masarbolesmasvida.org\/index.php?rest_route=\/wp\/v2\/types\/product"}],"replies":[{"embeddable":true,"href":"https:\/\/masarbolesmasvida.org\/index.php?rest_route=%2Fwp%2Fv2%2Fcomments&post=1202"}],"wp:featuredmedia":[{"embeddable":true,"href":"https:\/\/masarbolesmasvida.org\/index.php?rest_route=\/wp\/v2\/media\/480"}],"wp:attachment":[{"href":"https:\/\/masarbolesmasvida.org\/index.php?rest_route=%2Fwp%2Fv2%2Fmedia&parent=1202"}],"wp:term":[{"taxonomy":"product_cat","embeddable":true,"href":"https:\/\/masarbolesmasvida.org\/index.php?rest_route=%2Fwp%2Fv2%2Fproduct_cat&post=1202"},{"taxonomy":"product_tag","embeddable":true,"href":"https:\/\/masarbolesmasvida.org\/index.php?rest_route=%2Fwp%2Fv2%2Fproduct_tag&post=1202"}],"curies":[{"name":"wp","href":"https:\/\/api.w.org\/{rel}","templated":true}]}}